{"id":7,"date":"2017-09-01T20:16:42","date_gmt":"2017-09-01T18:16:42","guid":{"rendered":"http:\/\/casa-oreste.com\/?page_id=7"},"modified":"2021-04-17T12:54:18","modified_gmt":"2021-04-17T10:54:18","slug":"7-2","status":"publish","type":"page","link":"https:\/\/casa-oreste.com\/","title":{"rendered":""},"content":{"rendered":"<h3 style=\"text-align: center;\"><span style=\"color: #000000;\">CASA-ORESTE<\/span><\/h3>\n<h3 style=\"text-align: center;\"><span style=\"color: #000000;\">in der Toskana bei Sassetta<\/span><\/h3>\n<p><strong><span style=\"color: #000000;\"><a href=\"http:\/\/www.comunedisassetta.net\/\" target=\"_blank\" rel=\"noopener noreferrer\"><img loading=\"lazy\" class=\"wp-image-101 aligncenter\" title=\"Blick auf das mittelalterliche Bergdorf Sassetta\" src=\"http:\/\/casa-oreste.com\/wp-content\/uploads\/2017\/09\/KopieDSC00650-1-300x300.jpg\" alt=\"Sassetta\" width=\"295\" height=\"295\" srcset=\"https:\/\/casa-oreste.com\/wp-content\/uploads\/2017\/09\/KopieDSC00650-1-300x300.jpg 300w, https:\/\/casa-oreste.com\/wp-content\/uploads\/2017\/09\/KopieDSC00650-1-100x100.jpg 100w, https:\/\/casa-oreste.com\/wp-content\/uploads\/2017\/09\/KopieDSC00650-1-600x600.jpg 600w, https:\/\/casa-oreste.com\/wp-content\/uploads\/2017\/09\/KopieDSC00650-1-150x150.jpg 150w, https:\/\/casa-oreste.com\/wp-content\/uploads\/2017\/09\/KopieDSC00650-1-768x768.jpg 768w, https:\/\/casa-oreste.com\/wp-content\/uploads\/2017\/09\/KopieDSC00650-1-1024x1024.jpg 1024w, https:\/\/casa-oreste.com\/wp-content\/uploads\/2017\/09\/KopieDSC00650-1-924x924.jpg 924w, https:\/\/casa-oreste.com\/wp-content\/uploads\/2017\/09\/KopieDSC00650-1-671x671.jpg 671w, https:\/\/casa-oreste.com\/wp-content\/uploads\/2017\/09\/KopieDSC00650-1-176x176.jpg 176w, https:\/\/casa-oreste.com\/wp-content\/uploads\/2017\/09\/KopieDSC00650-1.jpg 1536w\" sizes=\"(max-width: 295px) 100vw, 295px\" \/><\/a><\/span><\/strong><\/p>\n<p><strong><span style=\"color: #000000;\">Nur 3 Kilometer vom CASA-ORESTE entfernt im malerischen Bergdorf Sassetta ein Luftkurort mit ca. 550 Einwohnern finden Sie alle wichtigen Einrichtungen &#8211; Kirche, Post, Touristeninformation, Bankautomaten, Friseur, Metzger, B\u00e4cker, Lebensmittell\u00e4den, Bars, Pizzeria, Restaurants, Kiosk und eine deutschsprachige Apotheke.<\/span><\/strong><\/p>\n<p><span style=\"color: #000000;\"><strong>In der unmittelbaren Umgebung k\u00f6nnen Sie viele aktive Sportarten betreiben, Schwimmen, Segeln, Tauchen, Golfen, Reiten, Radfahren und Wandern. Die zentrale Lage der Ortschaft bietet lohnenswerte Ausfl\u00fcge an wie zum Beispiel nach Florenz, Siena, Lucca, Pisa und auf die Insel Elba. <\/strong><\/span><\/p>\n<p><span style=\"color: #000000;\"><strong>Der Ort und seine Umgebung bieten besonders f\u00fcr Kunstinteressierte, K\u00fcnstler, Fotografen und Geologen sehr viele malerisch reizvolle, historisch interessante und spannende Pl\u00e4tze, um seine eigenen Interessen auszuleben.<\/strong><\/span><\/p>\n<p><img loading=\"lazy\" class=\"wp-image-37 aligncenter\" title=\"Eingang zum Apartment\" src=\"http:\/\/casa-oreste.com\/wp-content\/uploads\/2017\/09\/Kopie-hoch-App-300x300.jpg\" alt=\"Eingang zum Apartment\" width=\"295\" height=\"295\" srcset=\"https:\/\/casa-oreste.com\/wp-content\/uploads\/2017\/09\/Kopie-hoch-App-300x300.jpg 300w, https:\/\/casa-oreste.com\/wp-content\/uploads\/2017\/09\/Kopie-hoch-App-100x100.jpg 100w, https:\/\/casa-oreste.com\/wp-content\/uploads\/2017\/09\/Kopie-hoch-App-600x600.jpg 600w, https:\/\/casa-oreste.com\/wp-content\/uploads\/2017\/09\/Kopie-hoch-App-150x150.jpg 150w, https:\/\/casa-oreste.com\/wp-content\/uploads\/2017\/09\/Kopie-hoch-App-768x768.jpg 768w, https:\/\/casa-oreste.com\/wp-content\/uploads\/2017\/09\/Kopie-hoch-App-1024x1024.jpg 1024w, https:\/\/casa-oreste.com\/wp-content\/uploads\/2017\/09\/Kopie-hoch-App.jpg 1539w\" sizes=\"(max-width: 295px) 100vw, 295px\" \/><\/p>\n<p style=\"text-align: left;\"><span style=\"color: #000000;\"><strong>Das\u00a0CASA-ORESTE selbst steht nur 14 Kilometer vom Meer <\/strong><strong>entfernt einsam auf einem H\u00fcgel in 340m H\u00f6he. Das \u00fcber 200 Jahre alte Rustico, welches 1995 liebevoll restauriert wurde und der im Jahr 2006, nach den alten Vorbildern gebaute\u00a0 Anbau werden von den Hausbesitzern bewohnt.\u00a0<\/strong><\/span><\/p>\n<p><span style=\"color: #000000;\"><strong><!-- x-tinymce\/html --><\/strong><\/span><span style=\"color: #000000;\"><strong>In den <span style=\"color: #000000;\">warmen Sommermonaten kann man auf den gr\u00f6\u00dftenteils naturbelassenen Grund (ca. 1,5 Hektar) ein ruhiges und vertr\u00e4umtes Pl\u00e4tzchen zum Entspannen finden. Die Jahrhunderte alte riesige Eiche vor dem Haus, die zum Teil sehr alten Olivenb\u00e4ume und die jungen Pinien spenden zu jeder Tageszeit reichlich nat\u00fcrlichen Schatten und der best\u00e4ndige angenehme Luftzug aus dem Tal bietet Tag und Nacht zus\u00e4tzliche Erfrischung. <\/span><\/strong><\/span><\/p>\n<p><span style=\"color: #000000;\"><span style=\"color: #000000;\"><strong><img loading=\"lazy\" class=\"wp-image-38 aligncenter\" title=\"Weitblick in die H\u00fcgel der Toskana\" src=\"http:\/\/casa-oreste.com\/wp-content\/uploads\/2017\/09\/KopieDSC00139-300x300.jpg\" alt=\"\" width=\"295\" height=\"295\" srcset=\"https:\/\/casa-oreste.com\/wp-content\/uploads\/2017\/09\/KopieDSC00139-300x300.jpg 300w, https:\/\/casa-oreste.com\/wp-content\/uploads\/2017\/09\/KopieDSC00139-100x100.jpg 100w, https:\/\/casa-oreste.com\/wp-content\/uploads\/2017\/09\/KopieDSC00139-600x600.jpg 600w, https:\/\/casa-oreste.com\/wp-content\/uploads\/2017\/09\/KopieDSC00139-150x150.jpg 150w, https:\/\/casa-oreste.com\/wp-content\/uploads\/2017\/09\/KopieDSC00139-768x768.jpg 768w, https:\/\/casa-oreste.com\/wp-content\/uploads\/2017\/09\/KopieDSC00139-1024x1024.jpg 1024w, https:\/\/casa-oreste.com\/wp-content\/uploads\/2017\/09\/KopieDSC00139.jpg 1536w\" sizes=\"(max-width: 295px) 100vw, 295px\" \/><\/strong><\/span><strong><br \/>\n<\/strong><\/span><\/p>\n<p><span style=\"color: #000000;\"><strong>Viele lauschige Pl\u00e4tze rund um das Haus laden mit einen herrlichen Weitblick in die H\u00fcgel der Toskana zum verweilen ein.<\/strong><\/span><\/p>\n<p><span style=\"color: #000000;\"><strong>Das\u00a0Leitungswasser hat eine ausgezeichnete Qualit\u00e4t, da es aus einen 140 Meter tiefen eigenen Brunnen direkt in das Haus gepumpt wird.<br \/>\n<\/strong><\/span><\/p>\n<p><span style=\"color: #000000;\"><strong>Im Rustico befinden sich\u00a0das Atelier und die Werkstatt\u00a0der Hauseigent\u00fcmer.<\/strong><\/span><span style=\"color: #000000;\"><strong> Eine Besichtigung wird gerne kostenlos organisiert. Wer Lust hat kann seine kreative Seite ausprobieren, hierf\u00fcr werden\u00a0individuelle Kurse auf Anfrage angeboten.<\/strong><\/span><\/p>\n<p><span style=\"color: #000000;\"><strong><img loading=\"lazy\" class=\"wp-image-245 size-thumbnail alignleft\" title=\"Venus A (Speckstein)\" src=\"http:\/\/casa-oreste.com\/wp-content\/uploads\/2017\/09\/Venus-A-Kopie-150x150.jpg\" alt=\"\" width=\"150\" height=\"150\" srcset=\"https:\/\/casa-oreste.com\/wp-content\/uploads\/2017\/09\/Venus-A-Kopie-150x150.jpg 150w, https:\/\/casa-oreste.com\/wp-content\/uploads\/2017\/09\/Venus-A-Kopie-300x300.jpg 300w, https:\/\/casa-oreste.com\/wp-content\/uploads\/2017\/09\/Venus-A-Kopie-100x100.jpg 100w\" sizes=\"(max-width: 150px) 100vw, 150px\" \/><img loading=\"lazy\" class=\"wp-image-244 size-thumbnail alignright\" title=\"centrum I (Leinwand, Akrylfarbe, Steinmehl, Wachs, \u00d6lfarbe)\" src=\"http:\/\/casa-oreste.com\/wp-content\/uploads\/2017\/09\/Dorscht_Katalog-150x150.jpg\" alt=\"\" width=\"150\" height=\"150\" srcset=\"https:\/\/casa-oreste.com\/wp-content\/uploads\/2017\/09\/Dorscht_Katalog-150x150.jpg 150w, https:\/\/casa-oreste.com\/wp-content\/uploads\/2017\/09\/Dorscht_Katalog-300x300.jpg 300w, https:\/\/casa-oreste.com\/wp-content\/uploads\/2017\/09\/Dorscht_Katalog-100x100.jpg 100w, https:\/\/casa-oreste.com\/wp-content\/uploads\/2017\/09\/Dorscht_Katalog-600x600.jpg 600w, https:\/\/casa-oreste.com\/wp-content\/uploads\/2017\/09\/Dorscht_Katalog-768x768.jpg 768w, https:\/\/casa-oreste.com\/wp-content\/uploads\/2017\/09\/Dorscht_Katalog-1024x1024.jpg 1024w, https:\/\/casa-oreste.com\/wp-content\/uploads\/2017\/09\/Dorscht_Katalog-924x924.jpg 924w, https:\/\/casa-oreste.com\/wp-content\/uploads\/2017\/09\/Dorscht_Katalog-671x671.jpg 671w, https:\/\/casa-oreste.com\/wp-content\/uploads\/2017\/09\/Dorscht_Katalog-176x176.jpg 176w, https:\/\/casa-oreste.com\/wp-content\/uploads\/2017\/09\/Dorscht_Katalog.jpg 1476w\" sizes=\"(max-width: 150px) 100vw, 150px\" \/><a href=\"http:\/\/ando1103.beepworld.de\/\" target=\"_blank\" rel=\"noopener noreferrer\"><img loading=\"lazy\" class=\"wp-image-238 size-thumbnail aligncenter\" title=\"Atelier ANDOART\" src=\"http:\/\/casa-oreste.com\/wp-content\/uploads\/2017\/09\/Brenner1-150x150.jpg\" alt=\"\" width=\"150\" height=\"150\" srcset=\"https:\/\/casa-oreste.com\/wp-content\/uploads\/2017\/09\/Brenner1-150x150.jpg 150w, https:\/\/casa-oreste.com\/wp-content\/uploads\/2017\/09\/Brenner1-300x300.jpg 300w, https:\/\/casa-oreste.com\/wp-content\/uploads\/2017\/09\/Brenner1-100x100.jpg 100w, https:\/\/casa-oreste.com\/wp-content\/uploads\/2017\/09\/Brenner1-600x600.jpg 600w, https:\/\/casa-oreste.com\/wp-content\/uploads\/2017\/09\/Brenner1-768x768.jpg 768w, https:\/\/casa-oreste.com\/wp-content\/uploads\/2017\/09\/Brenner1-1024x1024.jpg 1024w, https:\/\/casa-oreste.com\/wp-content\/uploads\/2017\/09\/Brenner1-924x924.jpg 924w, https:\/\/casa-oreste.com\/wp-content\/uploads\/2017\/09\/Brenner1-671x671.jpg 671w, https:\/\/casa-oreste.com\/wp-content\/uploads\/2017\/09\/Brenner1-176x176.jpg 176w, https:\/\/casa-oreste.com\/wp-content\/uploads\/2017\/09\/Brenner1.jpg 1288w\" sizes=\"(max-width: 150px) 100vw, 150px\" \/><\/a><\/strong><\/span><\/p>\n<p><span style=\"color: #000000;\"><strong>Im <span style=\"color: #000000;\">Atelier &#8222;<a style=\"color: #000000;\" href=\"http:\/\/ando1103.beepworld.de\/\">ANDOART<\/a>&#8220; der K\u00fcnstlerin <a style=\"color: #000000;\" href=\"https:\/\/www.facebook.com\/profile.php?id=100007090906143\" target=\"_blank\" rel=\"noopener noreferrer\">Angela Dorscht<\/a> entstehen Bilder\u00a0mit diversen<\/span> Maltechniken und Materialien, Skulpturen aus Holz und Stein, Fotografie, selbst gedrehter Perlenschmuck, <\/strong><strong>Installationen und Drucke in verschiedenen Drucktechniken.<\/strong><\/span><\/p>\n<p><span style=\"color: #000000;\"><img loading=\"lazy\" class=\"wp-image-240 size-thumbnail alignleft\" title=\"Schmuck, Gebrauchsg\u00fcter, Skulpturen\" src=\"http:\/\/casa-oreste.com\/wp-content\/uploads\/2017\/09\/Oreste-Katalog-150x150.jpg\" alt=\"\" width=\"150\" height=\"150\" srcset=\"https:\/\/casa-oreste.com\/wp-content\/uploads\/2017\/09\/Oreste-Katalog-150x150.jpg 150w, https:\/\/casa-oreste.com\/wp-content\/uploads\/2017\/09\/Oreste-Katalog-300x300.jpg 300w, https:\/\/casa-oreste.com\/wp-content\/uploads\/2017\/09\/Oreste-Katalog-100x100.jpg 100w, https:\/\/casa-oreste.com\/wp-content\/uploads\/2017\/09\/Oreste-Katalog-600x600.jpg 600w, https:\/\/casa-oreste.com\/wp-content\/uploads\/2017\/09\/Oreste-Katalog-768x768.jpg 768w, https:\/\/casa-oreste.com\/wp-content\/uploads\/2017\/09\/Oreste-Katalog-1024x1024.jpg 1024w, https:\/\/casa-oreste.com\/wp-content\/uploads\/2017\/09\/Oreste-Katalog-924x924.jpg 924w, https:\/\/casa-oreste.com\/wp-content\/uploads\/2017\/09\/Oreste-Katalog-671x671.jpg 671w, https:\/\/casa-oreste.com\/wp-content\/uploads\/2017\/09\/Oreste-Katalog-176x176.jpg 176w, https:\/\/casa-oreste.com\/wp-content\/uploads\/2017\/09\/Oreste-Katalog.jpg 1646w\" sizes=\"(max-width: 150px) 100vw, 150px\" \/><span style=\"color: #000000;\"><img loading=\"lazy\" class=\"wp-image-241 size-thumbnail alignright\" title=\"Werkzeug zur Kupferbearbeitung\" src=\"http:\/\/casa-oreste.com\/wp-content\/uploads\/2017\/09\/Oreste1-150x150.jpg\" alt=\"\" width=\"150\" height=\"150\" srcset=\"https:\/\/casa-oreste.com\/wp-content\/uploads\/2017\/09\/Oreste1-150x150.jpg 150w, https:\/\/casa-oreste.com\/wp-content\/uploads\/2017\/09\/Oreste1-300x300.jpg 300w, https:\/\/casa-oreste.com\/wp-content\/uploads\/2017\/09\/Oreste1-100x100.jpg 100w, https:\/\/casa-oreste.com\/wp-content\/uploads\/2017\/09\/Oreste1-600x600.jpg 600w, https:\/\/casa-oreste.com\/wp-content\/uploads\/2017\/09\/Oreste1-768x768.jpg 768w, https:\/\/casa-oreste.com\/wp-content\/uploads\/2017\/09\/Oreste1-1024x1024.jpg 1024w, https:\/\/casa-oreste.com\/wp-content\/uploads\/2017\/09\/Oreste1-924x924.jpg 924w, https:\/\/casa-oreste.com\/wp-content\/uploads\/2017\/09\/Oreste1-671x671.jpg 671w, https:\/\/casa-oreste.com\/wp-content\/uploads\/2017\/09\/Oreste1-176x176.jpg 176w, https:\/\/casa-oreste.com\/wp-content\/uploads\/2017\/09\/Oreste1.jpg 1944w\" sizes=\"(max-width: 150px) 100vw, 150px\" \/><img loading=\"lazy\" class=\"wp-image-242 size-thumbnail aligncenter\" title=\"Werkstatt OresteRamaio\" src=\"http:\/\/casa-oreste.com\/wp-content\/uploads\/2017\/09\/oreste2-150x150.jpg\" alt=\"\" width=\"150\" height=\"150\" srcset=\"https:\/\/casa-oreste.com\/wp-content\/uploads\/2017\/09\/oreste2-150x150.jpg 150w, https:\/\/casa-oreste.com\/wp-content\/uploads\/2017\/09\/oreste2-300x300.jpg 300w, https:\/\/casa-oreste.com\/wp-content\/uploads\/2017\/09\/oreste2-100x100.jpg 100w, https:\/\/casa-oreste.com\/wp-content\/uploads\/2017\/09\/oreste2-600x600.jpg 600w, https:\/\/casa-oreste.com\/wp-content\/uploads\/2017\/09\/oreste2-768x768.jpg 768w, https:\/\/casa-oreste.com\/wp-content\/uploads\/2017\/09\/oreste2-1024x1024.jpg 1024w, https:\/\/casa-oreste.com\/wp-content\/uploads\/2017\/09\/oreste2-924x924.jpg 924w, https:\/\/casa-oreste.com\/wp-content\/uploads\/2017\/09\/oreste2-671x671.jpg 671w, https:\/\/casa-oreste.com\/wp-content\/uploads\/2017\/09\/oreste2-176x176.jpg 176w, https:\/\/casa-oreste.com\/wp-content\/uploads\/2017\/09\/oreste2.jpg 1944w\" sizes=\"(max-width: 150px) 100vw, 150px\" \/><\/span><\/span><\/p>\n<p><span style=\"color: #000000;\"><span style=\"color: #000000;\"><strong>In der Werkstatt &#8222;OresteRamaio&#8220; des <span style=\"color: #000000;\">Kupferschmiedes<a style=\"color: #000000;\" href=\"https:\/\/www.facebook.com\/profile.php?id=100018362440366\" target=\"_blank\" rel=\"noopener noreferrer\">\u00a0Horst Hartmann<\/a>\u00a0entstehen Schmuckst\u00fccke,<\/span> Gebrauchsg\u00fcter und Skulpturen.<\/strong><\/span><\/span><\/p>\n<p><span style=\"color: #000000;\"><strong><a style=\"color: #000000;\" href=\"mailto:INFO@CASA-ORESTE.COM\">INFO@CASA-ORESTE.COM<\/a><\/strong><\/span><\/p>\n<p><span style=\"color: #000000;\"><strong>Adresse<\/strong><\/span><br \/>\n<span style=\"color: #000000;\"><strong>Via di Brancorsi 2<\/strong><\/span><br \/>\n<span style=\"color: #000000;\"><strong>57020 Sassetta (LI)<\/strong><\/span><\/p>\n<p><span style=\"color: #000000;\"><strong>Anfahrt<\/strong><\/span><br \/>\n<span style=\"color: #000000;\"> <strong> <a style=\"color: #000000;\" title=\"Casa Oreste auf Google Maps\" href=\"https:\/\/www.google.de\/maps\/dir\/\/43.1445432,10.6504079\/@43.1671341,10.6542613,13z\" target=\"_blank\" rel=\"noopener noreferrer\">Link zu Google Maps<\/a><\/strong><\/span><\/p>\n<p class=\"x_MsoNormal\"><span style=\"color: #000000;\">Am 25.5.2018 trat die neue EU-Datenschutzgrundverordnung (EU-DSGVO) in Kraft. Wir best\u00e4tigen, dass uns Ihre Privatsph\u00e4re wichtig ist. Ihre pers\u00f6nlichen Daten (Name und E-Mailadresse) verwenden wir ausschlie\u00dflich f\u00fcr den Kontaktzeitraum.<\/span><\/p>\n","protected":false},"excerpt":{"rendered":"<p>CASA-ORESTE in der Toskana bei Sassetta Nur 3 Kilometer vom CASA-ORESTE entfernt im malerischen Bergdorf Sassetta ein Luftkurort mit ca. 550 Einwohnern finden Sie alle wichtigen Einrichtungen &#8211; Kirche, Post, Touristeninformation, Bankautomaten, Friseur, Metzger, B\u00e4cker, Lebensmittell\u00e4den, Bars, Pizzeria, Restaurants, Kiosk und eine deutschsprachige Apotheke. In der unmittelbaren Umgebung k\u00f6nnen Sie viele aktive Sportarten betreiben, Schwimmen, [&hellip;]<\/p>\n","protected":false},"author":1,"featured_media":0,"parent":0,"menu_order":0,"comment_status":"closed","ping_status":"closed","template":"","meta":{"jetpack_post_was_ever_published":false},"jetpack_sharing_enabled":true,"jetpack_shortlink":"https:\/\/wp.me\/P9gVve-7","_links":{"self":[{"href":"https:\/\/casa-oreste.com\/index.php?rest_route=\/wp\/v2\/pages\/7"}],"collection":[{"href":"https:\/\/casa-oreste.com\/index.php?rest_route=\/wp\/v2\/pages"}],"about":[{"href":"https:\/\/casa-oreste.com\/index.php?rest_route=\/wp\/v2\/types\/page"}],"author":[{"embeddable":true,"href":"https:\/\/casa-oreste.com\/index.php?rest_route=\/wp\/v2\/users\/1"}],"replies":[{"embeddable":true,"href":"https:\/\/casa-oreste.com\/index.php?rest_route=%2Fwp%2Fv2%2Fcomments&post=7"}],"version-history":[{"count":223,"href":"https:\/\/casa-oreste.com\/index.php?rest_route=\/wp\/v2\/pages\/7\/revisions"}],"predecessor-version":[{"id":526,"href":"https:\/\/casa-oreste.com\/index.php?rest_route=\/wp\/v2\/pages\/7\/revisions\/526"}],"wp:attachment":[{"href":"https:\/\/casa-oreste.com\/index.php?rest_route=%2Fwp%2Fv2%2Fmedia&parent=7"}],"curies":[{"name":"wp","href":"https:\/\/api.w.org\/{rel}","templated":true}]}}